{"id":461,"date":"2025-10-13T14:44:42","date_gmt":"2025-10-13T14:44:42","guid":{"rendered":"https:\/\/iesiberico.edu.pe\/?page_id=461"},"modified":"2025-10-13T14:49:29","modified_gmt":"2025-10-13T14:49:29","slug":"convenios","status":"publish","type":"page","link":"https:\/\/iesiberico.edu.pe\/index.php\/convenios\/","title":{"rendered":"CONVENIOS"},"content":{"rendered":"\t\t<div data-elementor-type=\"wp-page\" data-elementor-id=\"461\" class=\"elementor elementor-461\">\n\t\t\t\t<div class=\"elementor-element elementor-element-23431978 e-flex e-con-boxed e-con e-parent\" data-id=\"23431978\" data-element_type=\"container\">\n\t\t\t\t\t<div class=\"e-con-inner\">\n\t\t\t\t<div class=\"elementor-element elementor-element-7a39a111 elementor-widget elementor-widget-text-editor\" data-id=\"7a39a111\" data-element_type=\"widget\" data-widget_type=\"text-editor.default\">\n\t\t\t\t<div class=\"elementor-widget-container\">\n\t\t\t\t\t\t\t\t\t\n<ul>\n<li class=\"has-medium-font-size\">Cl\u00ednica Limatambo.<\/li>\n<li class=\"has-medium-font-size\">Cl\u00ednica Mar\u00eda Bel\u00e9n.<\/li>\n<li class=\"has-medium-font-size\">Hospital Regional Docente de Cajamarca.<\/li>\n<li class=\"has-medium-font-size\">Centro M\u00e9dico Orthotrauma Medic Cotrina E.I,R.L.<\/li>\n<li class=\"has-medium-font-size\">Centro M\u00e9dico CEMEDI.<\/li>\n<li class=\"has-medium-font-size\">Centro M\u00e9dico Salud y Bienestar Medical Center M y M E.I.R.L.<\/li>\n<li class=\"has-medium-font-size\">Centro Odontol\u00f3gico Jesucristo Nuestro Redentor.<\/li>\n<li class=\"has-medium-font-size\">Centro de Terapia Alternativa y Psicol\u00f3gica CETAPS.<\/li>\n<li class=\"has-medium-font-size\">Empresa de Salud Santa Fe S.R.L.<\/li>\n<li class=\"has-medium-font-size\">Medicina de Especialidades S.R,L.<\/li>\n<li class=\"has-medium-font-size\">Medicasa Centro M\u00e9dico E.I.R.L.<\/li>\n<li class=\"has-medium-font-size\">Medisalud Group S.R.L. Cl\u00ednica Cardiomedic.<\/li>\n<li class=\"has-medium-font-size\">Centro M\u00e9dico Santa Maria.<\/li>\n<li class=\"has-medium-font-size\">Cl\u00ednica San Francisco de Asis.<\/li>\n<li class=\"has-medium-font-size\">Servicios de Salud San Mart\u00edn SAC.<\/li>\n<li class=\"has-medium-font-size\">Med Saine E.I.R.L.<\/li>\n<li class=\"has-medium-font-size\">Servicios Integrales Monte Sinai S.A.C.<\/li>\n<li class=\"has-medium-font-size\">Puesto de Salud El Regalado.<\/li>\n<\/ul>\n\n<div class=\"wp-block-spacer\" style=\"height: 39px;\" aria-hidden=\"true\">\u00a0<\/div>\n\t\t\t\t\t\t\t\t<\/div>\n\t\t\t\t<\/div>\n\t\t\t\t\t<\/div>\n\t\t\t\t<\/div>\n\t\t\t\t<\/div>\n\t\t","protected":false},"excerpt":{"rendered":"<p>Cl\u00ednica Limatambo. Cl\u00ednica Mar\u00eda Bel\u00e9n. Hospital Regional Docente de Cajamarca. Centro M\u00e9dico Orthotrauma Medic Cotrina E.I,R.L. Centro M\u00e9dico CEMEDI. Centro M\u00e9dico Salud y Bienestar Medical Center M y M E.I.R.L. Centro Odontol\u00f3gico Jesucristo Nuestro Redentor. Centro de Terapia Alternativa y Psicol\u00f3gica CETAPS. Empresa de Salud Santa Fe S.R.L. Medicina de Especialidades S.R,L. Medicasa Centro M\u00e9dico [&hellip;]<\/p>\n","protected":false},"author":2,"featured_media":0,"parent":0,"menu_order":0,"comment_status":"closed","ping_status":"closed","template":"","meta":{"footnotes":""},"class_list":["post-461","page","type-page","status-publish","hentry","post"],"_links":{"self":[{"href":"https:\/\/iesiberico.edu.pe\/index.php\/wp-json\/wp\/v2\/pages\/461","targetHints":{"allow":["GET"]}}],"collection":[{"href":"https:\/\/iesiberico.edu.pe\/index.php\/wp-json\/wp\/v2\/pages"}],"about":[{"href":"https:\/\/iesiberico.edu.pe\/index.php\/wp-json\/wp\/v2\/types\/page"}],"author":[{"embeddable":true,"href":"https:\/\/iesiberico.edu.pe\/index.php\/wp-json\/wp\/v2\/users\/2"}],"replies":[{"embeddable":true,"href":"https:\/\/iesiberico.edu.pe\/index.php\/wp-json\/wp\/v2\/comments?post=461"}],"version-history":[{"count":6,"href":"https:\/\/iesiberico.edu.pe\/index.php\/wp-json\/wp\/v2\/pages\/461\/revisions"}],"predecessor-version":[{"id":468,"href":"https:\/\/iesiberico.edu.pe\/index.php\/wp-json\/wp\/v2\/pages\/461\/revisions\/468"}],"wp:attachment":[{"href":"https:\/\/iesiberico.edu.pe\/index.php\/wp-json\/wp\/v2\/media?parent=461"}],"curies":[{"name":"wp","href":"https:\/\/api.w.org\/{rel}","templated":true}]}}